{"id":219,"date":"2021-03-16T10:43:30","date_gmt":"2021-03-16T10:43:30","guid":{"rendered":"http:\/\/equadrat.eu\/?page_id=219"},"modified":"2021-06-08T19:35:24","modified_gmt":"2021-06-08T19:35:24","slug":"datenschutz","status":"publish","type":"page","link":"https:\/\/equadrat.eu\/?page_id=219","title":{"rendered":"Datenschutz"},"content":{"rendered":"<div data-colibri-id=\"219-c1\" class=\"style-608 style-local-219-c1 position-relative\">\n  <!---->\n  <div data-colibri-component=\"section\" data-colibri-id=\"219-c2\" id=\"custom\" class=\"h-section h-section-global-spacing d-flex align-items-lg-center align-items-md-center align-items-center style-609 style-local-219-c2 position-relative\">\n    <!---->\n    <!---->\n    <div class=\"h-section-grid-container h-section-boxed-container\">\n      <!---->\n      <div data-colibri-id=\"219-c3\" class=\"h-row-container gutters-row-lg-2 gutters-row-md-2 gutters-row-0 gutters-row-v-lg-2 gutters-row-v-md-2 gutters-row-v-2 style-612 style-local-219-c3 position-relative\">\n        <!---->\n        <div class=\"h-row justify-content-lg-center justify-content-md-center justify-content-center align-items-lg-stretch align-items-md-stretch align-items-stretch gutters-col-lg-2 gutters-col-md-2 gutters-col-0 gutters-col-v-lg-2 gutters-col-v-md-2 gutters-col-v-2\">\n          <!---->\n          <div class=\"h-column h-column-container d-flex h-col-lg-auto h-col-md-auto h-col-auto style-613-outer style-local-219-c4-outer\">\n            <div data-colibri-id=\"219-c4\" class=\"d-flex h-flex-basis h-column__inner h-px-lg-2 h-px-md-2 h-px-2 v-inner-lg-2 v-inner-md-2 v-inner-2 style-613 style-local-219-c4 position-relative\">\n              <!---->\n              <!---->\n              <div class=\"w-100 h-y-container h-column__content h-column__v-align flex-basis-100 align-self-lg-start align-self-md-start align-self-start\">\n                <!---->\n                <div data-colibri-id=\"219-c5\" class=\"h-global-transition-all h-heading style-614 style-local-219-c5 position-relative h-element\">\n                  <!---->\n                  <div class=\"h-heading__outer style-614 style-local-219-c5\">\n                    <!---->\n                    <!---->\n                    <h1 class=\"\">Datenschutz<\/h1>\n                  <\/div>\n                <\/div>\n              <\/div>\n            <\/div>\n          <\/div>\n        <\/div>\n      <\/div>\n      <div data-colibri-id=\"219-c6\" class=\"h-row-container gutters-row-lg-2 gutters-row-md-2 gutters-row-0 gutters-row-v-lg-2 gutters-row-v-md-2 gutters-row-v-2 style-610 style-local-219-c6 position-relative\">\n        <!---->\n        <div class=\"h-row justify-content-lg-center justify-content-md-center justify-content-center align-items-lg-stretch align-items-md-stretch align-items-stretch gutters-col-lg-2 gutters-col-md-2 gutters-col-0 gutters-col-v-lg-2 gutters-col-v-md-2 gutters-col-v-2\">\n          <!---->\n          <div class=\"h-column h-column-container d-flex h-col-lg-auto h-col-md-auto h-col-auto style-611-outer style-local-219-c7-outer\">\n            <div data-colibri-id=\"219-c7\" class=\"d-flex h-flex-basis h-column__inner h-px-lg-2 h-px-md-2 h-px-2 v-inner-lg-2 v-inner-md-2 v-inner-2 style-611 style-local-219-c7 position-relative\">\n              <!---->\n              <!---->\n              <div class=\"w-100 h-y-container h-column__content h-column__v-align flex-basis-100 align-self-lg-start align-self-md-start align-self-start\">\n                <!---->\n                <div data-colibri-id=\"219-c8\" class=\"h-text h-text-component style-615 style-local-219-c8 position-relative h-element\">\n                  <!---->\n                  <!---->\n                  <div class=\"\">\n                    <h2>Kontaktdaten des Verantwortlichen<\/h2>\n                    <p>Sollten Sie Fragen zum Datenschutz haben, finden Sie nachfolgend die Kontaktdaten der verantwortlichen Person bzw. Stelle.<\/p>\n                    <p>Equadrat GmbH, Nu\u00dfmannstr. 4a, 79331 Teningen<\/p>\n                    <p><span style=\"font-weight: 400;\">Vertretungsberechtigt: Dietmar Enderlin<\/span><\/p>\n                    <p>E-Mail: info@equadrat.eu<\/p>\n                    <p>Telefon:&nbsp;<span style=\"font-weight: 400;\">+49 7641 <\/span><span style=\"font-size: 16px; font-family: &quot;Open Sans&quot;; color: rgb(70, 112, 127);\">937739<\/span><\/p>\n                    <h2>Sicherheit der Datenverarbeitung<\/h2>\n                    <p>Um personenbezogene Daten zu sch\u00fctzen, haben wir sowohl technische als auch organisatorische Ma\u00dfnahmen umgesetzt. Wo es uns m\u00f6glich ist, verschl\u00fcsseln oder pseudonymisieren wir personenbezogene Daten. Dadurch machen wir es im Rahmen\n                      unserer M\u00f6glichkeiten so schwer wie m\u00f6glich, dass Dritte aus unseren Daten auf pers\u00f6nliche Informationen schlie\u00dfen k\u00f6nnen.<\/p>\n                    <p>Art. 25 DSGVO spricht hier von \u201cDatenschutz durch Technikgestaltung und durch datenschutzfreundliche Voreinstellungen\u201d und meint damit, dass man sowohl bei Software (z. B. Formularen) also auch Hardware (z. B. Zugang zum Serverraum)\n                      immer an Sicherheit denkt und entsprechende Ma\u00dfnahmen setzt. Im Folgenden gehen wir, falls erforderlich, noch auf konkrete Ma\u00dfnahmen ein.<\/p>\n                    <h2>TLS-Verschl\u00fcsselung mit https<\/h2>\n                    <p>TLS, Verschl\u00fcsselung und https klingen sehr technisch und sind es auch. Wir verwenden HTTPS (das Hypertext Transfer Protocol Secure steht f\u00fcr \u201esicheres Hypertext-\u00dcbertragungsprotokoll\u201c), um Daten abh\u00f6rsicher im Internet zu \u00fcbertragen.Das\n                      bedeutet, dass die komplette \u00dcbertragung aller Daten von Ihrem Browser zu unserem Webserver abgesichert ist \u2013 niemand kann \u201cmith\u00f6ren\u201d.<\/p>\n                    <p>Damit haben wir eine zus\u00e4tzliche Sicherheitsschicht eingef\u00fchrt und erf\u00fcllen Datenschutz durch Technikgestaltung&nbsp;\n                      <a href=\"https:\/\/eur-lex.europa.eu\/legal-content\/DE\/TXT\/HTML?uri=CELEX%3A32016R0679&amp;from=DE&amp;tid=311284288\" target=\"_blank\" rel=\"noopener\" class=\"customize-unpreviewable\">Artikel 25 Absatz 1 DSGVO<\/a>). Durch den Einsatz von TLS (Transport Layer Security), einem Verschl\u00fcsselungsprotokoll zur sicheren Daten\u00fcbertragung im Internet, k\u00f6nnen wir den Schutz vertraulicher Daten sicherstellen.Sie erkennen\n                      die Benutzung dieser Absicherung der Daten\u00fcbertragung am kleinen Schlosssymbol&nbsp;&nbsp;links oben im Browser, links von der Internetadresse (z. B. beispielseite.de) und der Verwendung des Schemas https (anstatt http) als Teil\n                      unserer Internetadresse.Wenn Sie mehr zum Thema Verschl\u00fcsselung wissen m\u00f6chten, empfehlen wir die Google Suche nach \u201cHypertext Transfer Protocol Secure wiki\u201d um gute Links zu weiterf\u00fchrenden Informationen zu erhalten.<\/p>\n                    <h2>Einleitung und \u00dcberblick<\/h2>\n                    <p>Wir haben diese Datenschutzerkl\u00e4rung (Fassung 31.05.2021-311284288) verfasst, um Ihnen gem\u00e4\u00df der Vorgaben der&nbsp;\n                      <a href=\"https:\/\/eur-lex.europa.eu\/legal-content\/DE\/ALL?uri=celex%3A32016R0679&amp;tid=311284288\" target=\"_blank\" rel=\"noopener\" class=\"customize-unpreviewable\">Datenschutz-Grundverordnung (EU) 2016\/679<\/a>&nbsp;und anwendbaren nationalen Gesetzen zu erkl\u00e4ren, welche personenbezogenen Daten (kurz Daten) wir als Verantwortliche \u2013 und die von uns beauftragten Auftragsverarbeiter (z. B. Provider)\n                      \u2013 verarbeiten, zuk\u00fcnftig verarbeiten werden und welche rechtm\u00e4\u00dfigen M\u00f6glichkeiten Sie haben. Die verwendeten Begriffe sind geschlechtsneutral zu verstehen.<strong>Kurz gesagt:<\/strong>&nbsp;Wir informieren Sie umfassend \u00fcber Daten,\n                      die wir \u00fcber Sie verarbeiten.<\/p>\n                    <p>Datenschutzerkl\u00e4rungen klingen f\u00fcr gew\u00f6hnlich sehr technisch und verwenden juristische Fachbegriffe. Diese Datenschutzerkl\u00e4rung soll Ihnen hingegen die wichtigsten Dinge so einfach und transparent wie m\u00f6glich beschreiben. Soweit es\n                      der Transparenz f\u00f6rderlich ist, werden technische&nbsp;<strong>Begriffe leserfreundlich erkl\u00e4rt<\/strong>,&nbsp;<strong>Links<\/strong>&nbsp;zu weiterf\u00fchrenden Informationen geboten und&nbsp;<strong>Grafiken<\/strong>&nbsp;zum Einsatz\n                      gebracht. Wir informieren damit in klarer und einfacher Sprache, dass wir im Rahmen unserer Gesch\u00e4ftst\u00e4tigkeiten nur dann personenbezogene Daten verarbeiten, wenn eine entsprechende gesetzliche Grundlage gegeben ist. Das ist sicher\n                      nicht m\u00f6glich, wenn man m\u00f6glichst knappe, unklare und juristisch-technische Erkl\u00e4rungen abgibt, so wie sie im Internet oft Standard sind, wenn es um Datenschutz geht. Ich hoffe Sie finden die folgenden Erl\u00e4uterungen interessant und\n                      informativ und vielleicht ist die eine oder andere Information dabei, die Sie noch nicht kannten.Wenn trotzdem Fragen bleiben, m\u00f6chten wir Sie bitten, sich an die unten bzw. im Impressum genannte verantwortliche Stelle zu wenden,\n                      den vorhandenen Links zu folgen und sich weitere Informationen auf Drittseiten anzusehen. Unsere Kontaktdaten finden Sie selbstverst\u00e4ndlich auch im Impressum.<\/p>\n                    <h2>Rechtsgrundlagen<\/h2>\n                    <p>In der folgenden Datenschutzerkl\u00e4rung geben wir Ihnen transparente Informationen zu den rechtlichen Grunds\u00e4tzen und Vorschriften, also den Rechtsgrundlagen der Datenschutz-Grundverordnung, die uns erm\u00f6glichen, personenbezogene Daten\n                      zu verarbeiten.Was das EU-Recht betrifft, beziehen wir uns auf die VERORDNUNG (EU) 2016\/679 DES EUROP\u00c4ISCHEN PARLAMENTS UND DES RATES vom 27. April 2016. Diese Datenschutz-Grundverordnung der EU k\u00f6nnen Sie selbstverst\u00e4ndlich online\n                      auf EUR-Lex, dem Zugang zum EU-Recht, unter&nbsp;\n                      <a href=\"https:\/\/eur-lex.europa.eu\/legal-content\/DE\/ALL?uri=celex%3A32016R0679&amp;tid=311284288\" target=\"_blank\" rel=\"noopener\" class=\"customize-unpreviewable\">https:\/\/eur-lex.europa.eu\/legal-content\/DE\/TXT\/?uri=celex%3A32016R0679<\/a>&nbsp;nachlesen.<\/p>\n                    <p>Wir verarbeiten Ihre Daten nur, wenn mindestens eine der folgenden Bedingungen zutrifft:<\/p>\n                    <p><strong>Einwilligung<\/strong>&nbsp;(Artikel 6 Absatz 1 lit. a DSGVO): Sie haben uns Ihre Einwilligung gegeben, Daten zu einem bestimmten Zweck zu verarbeiten. Ein Beispiel w\u00e4re die Speicherung Ihrer eingegebenen Daten eines Kontaktformulars.<strong>Vertrag<\/strong>&nbsp;(Artikel\n                      6 Absatz 1 lit. b DSGVO): Um einen Vertrag oder vorvertragliche Verpflichtungen mit Ihnen zu erf\u00fcllen, verarbeiten wir Ihre Daten. Wenn wir zum Beispiel einen Kaufvertrag mit Ihnen abschlie\u00dfen, ben\u00f6tigen wir vorab personenbezogene\n                      Informationen.<strong>Rechtliche Verpflichtung<\/strong>&nbsp;(Artikel 6 Absatz 1 lit. c DSGVO): Wenn wir einer rechtlichen Verpflichtung unterliegen, verarbeiten wir Ihre Daten. Zum Beispiel sind wir gesetzlich verpflichtet Rechnungen\n                      f\u00fcr die Buchhaltung aufzuheben. Diese enthalten in der Regel personenbezogene Daten.<strong>Berechtigte Interessen<\/strong>&nbsp;(Artikel 6 Absatz 1 lit. f DSGVO): Im Falle berechtigter Interessen, die Ihre Grundrechte nicht einschr\u00e4nken,\n                      behalten wir uns die Verarbeitung personenbezogener Daten vor. Wir m\u00fcssen zum Beispiel gewisse Daten verarbeiten, um unsere Website sicher und wirtschaftlich effizient betreiben zu k\u00f6nnen. Diese Verarbeitung ist somit ein berechtigtes\n                      Interesse.<\/p>\n                    <p>Weitere Bedingungen wie die Wahrnehmung von Aufnahmen im \u00f6ffentlichen Interesse und Aus\u00fcbung \u00f6ffentlicher Gewalt sowie dem Schutz lebenswichtiger Interessen treten bei uns in der Regel nicht auf. Soweit eine solche Rechtsgrundlage\n                      doch einschl\u00e4gig sein sollte, wird diese an der entsprechenden Stelle ausgewiesen.<\/p>\n                    <p>Zus\u00e4tzlich zu der EU-Verordnung gelten auch noch nationale Gesetze:<\/p>\n                    <p>In&nbsp;<strong>\u00d6sterreich<\/strong>&nbsp;ist dies das Bundesgesetz zum Schutz nat\u00fcrlicher Personen bei der Verarbeitung personenbezogener Daten (<strong>Datenschutzgesetz<\/strong>), kurz&nbsp;<strong>DSG<\/strong>.In&nbsp;<strong>Deutschland<\/strong>&nbsp;gilt\n                      das&nbsp;<strong>Bundesdatenschutzgesetz<\/strong>, kurz<strong>&nbsp;BDSG<\/strong>.<\/p>\n                    <p>Sofern weitere regionale oder nationale Gesetze zur Anwendung kommen, informieren wir Sie in den folgenden Abschnitten dar\u00fcber.<\/p>\n                    <h2>Rechte laut Datenschutzgrundverordnung<\/h2>\n                    <p>Laut Artikel 13 DSGVO stehen Ihnen die folgenden Rechte zu, damit es zu einer fairen und transparenten Verarbeitung von Daten kommt:<\/p>\n                    <p>Sie haben laut Artikel 15 DSGVO ein Auskunftsrecht dar\u00fcber, ob wir Daten von Ihnen verarbeiten. Sollte das zutreffen, haben Sie Recht darauf eine Kopie der Daten zu erhalten und die folgenden Informationen zu erfahren:zu welchem Zweck\n                      wir die Verarbeitung durchf\u00fchren;die Kategorien, also die Arten von Daten, die verarbeitet werden;wer diese Daten erh\u00e4lt und wenn die Daten an Drittl\u00e4nder \u00fcbermittelt werden, wie die Sicherheit garantiert werden kann;wie lange die\n                      Daten gespeichert werden;das Bestehen des Rechts auf Berichtigung, L\u00f6schung oder Einschr\u00e4nkung der Verarbeitung und dem Widerspruchsrecht gegen die Verarbeitung;dass Sie sich bei einer Aufsichtsbeh\u00f6rde beschweren k\u00f6nnen (Links zu\n                      diesen Beh\u00f6rden finden Sie weiter unten);die Herkunft der Daten, wenn wir sie nicht bei Ihnen erhoben haben;ob Profiling durchgef\u00fchrt wird, ob also Daten automatisch ausgewertet werden, um zu einem pers\u00f6nlichen Profil von Ihnen zu\n                      gelangen.Sie haben laut Artikel 16 DSGVO ein Recht auf Berichtigung der Daten, was bedeutet, dass wir Daten richtig stellen m\u00fcssen, falls Sie Fehler finden.Sie haben laut Artikel 17 DSGVO das Recht auf L\u00f6schung (\u201eRecht auf Vergessenwerden\u201c),\n                      was konkret bedeutet, dass Sie die L\u00f6schung Ihrer Daten verlangen d\u00fcrfen.Sie haben laut Artikel 18 DSGVO das Recht auf Einschr\u00e4nkung der Verarbeitung, was bedeutet, dass wir die Daten nur mehr speichern d\u00fcrfen aber nicht weiter verwenden.Sie\n                      haben laut Artikel 19 DSGVO das Recht auf Daten\u00fcbertragbarkeit, was bedeutet, dass wir Ihnen auf Anfrage Ihre Daten in einem g\u00e4ngigen Format zur Verf\u00fcgung stellen.Sie haben laut Artikel 21 DSGVO ein Widerspruchsrecht, welches nach\n                      Durchsetzung eine \u00c4nderung der Verarbeitung mit sich bringt.Wenn die Verarbeitung Ihrer Daten auf Artikel 6 Abs. 1 lit. e (\u00f6ffentliches Interesse, Aus\u00fcbung \u00f6ffentlicher Gewalt) oder Artikel 6 Abs. 1 lit. f (berechtigtes Interesse)\n                      basiert, k\u00f6nnen Sie gegen die Verarbeitung Widerspruch einlegen. Wir pr\u00fcfen danach so rasch wie m\u00f6glich, ob wir diesem Widerspruch rechtlich nachkommen k\u00f6nnen.Werden Daten verwendet, um Direktwerbung zu betreiben, k\u00f6nnen Sie jederzeit\n                      gegen diese Art der Datenverarbeitung widersprechen. Wir d\u00fcrfen Ihre Daten danach nicht mehr f\u00fcr Direktmarketing verwenden.Werden Daten verwendet, um Profiling zu betreiben, k\u00f6nnen Sie jederzeit gegen diese Art der Datenverarbeitung\n                      widersprechen. Wir d\u00fcrfen Ihre Daten danach nicht mehr f\u00fcr Profiling verwenden.Sie haben laut Artikel 22 DSGVO unter Umst\u00e4nden das Recht, nicht einer ausschlie\u00dflich auf einer automatisierten Verarbeitung (zum Beispiel Profiling)\n                      beruhenden Entscheidung unterworfen zu werden.<\/p>\n                    <p>Wenn Sie glauben, dass die Verarbeitung Ihrer Daten gegen das Datenschutzrecht verst\u00f6\u00dft oder Ihre datenschutzrechtlichen Anspr\u00fcche in sonst einer Weise verletzt worden sind, k\u00f6nnen Sie sich bei der Aufsichtsbeh\u00f6rde beschweren. Diese\n                      ist f\u00fcr \u00d6sterreich die Datenschutzbeh\u00f6rde, deren Website Sie unter&nbsp;\n                      <a href=\"https:\/\/www.dsb.gv.at?tid=311284288\" target=\"_blank\" rel=\"noopener\" class=\"customize-unpreviewable\">https:\/\/www.dsb.gv.at\/<\/a>&nbsp;finden und f\u00fcr Deutschland k\u00f6nnen Sie sich an die&nbsp;\n                      <a href=\"https:\/\/www.bfdi.bund.de\" target=\"_blank\" rel=\"noopener\" class=\"customize-unpreviewable\">Bundesbeauftragte f\u00fcr den Datenschutz und die Informationsfreiheit (BfDI)<\/a>wenden.<\/p>\n                    <p><strong>Kurz gesagt:<\/strong>&nbsp;Sie haben Rechte \u2013 z\u00f6gern Sie nicht, die oben gelistete verantwortliche Stelle bei uns zu kontaktieren!<\/p>\n                    <p>Alle Texte sind urheberrechtlich gesch\u00fctzt.<\/p>\n                    <p>Quelle: Erstellt mit dem&nbsp;\n                      <a href=\"https:\/\/www.adsimple.de\/datenschutz-generator\" class=\"customize-unpreviewable\">Datenschutz Generator<\/a>&nbsp;von AdSimple<\/p>\n                    <p>\n                      <br>\n                    <\/p>\n                  <\/div>\n                <\/div>\n              <\/div>\n            <\/div>\n          <\/div>\n        <\/div>\n      <\/div>\n    <\/div>\n  <\/div>\n<\/div>","protected":false},"excerpt":{"rendered":"<p>Datenschutz Kontaktdaten des Verantwortlichen Sollten Sie Fragen zum Datenschutz haben, finden Sie nachfolgend die Kontaktdaten der verantwortlichen Person bzw. Stelle. Equadrat GmbH, Nu\u00dfmannstr. 4a, 79331 Teningen Vertretungsberechtigt: Dietmar Enderlin E-Mail: info@equadrat.eu Telefon:&nbsp;+49 7641 937739 Sicherheit der Datenverarbeitung Um personenbezogene Daten zu sch\u00fctzen, haben wir sowohl technische als auch organisatorische Ma\u00dfnahmen umgesetzt. Wo es uns m\u00f6glich [&hellip;]<\/p>\n","protected":false},"author":1,"featured_media":0,"parent":0,"menu_order":0,"comment_status":"closed","ping_status":"closed","template":"page-templates\/full-width-page.php","meta":{"footnotes":""},"class_list":["post-219","page","type-page","status-publish","hentry"],"_links":{"self":[{"href":"https:\/\/equadrat.eu\/index.php?rest_route=\/wp\/v2\/pages\/219","targetHints":{"allow":["GET"]}}],"collection":[{"href":"https:\/\/equadrat.eu\/index.php?rest_route=\/wp\/v2\/pages"}],"about":[{"href":"https:\/\/equadrat.eu\/index.php?rest_route=\/wp\/v2\/types\/page"}],"author":[{"embeddable":true,"href":"https:\/\/equadrat.eu\/index.php?rest_route=\/wp\/v2\/users\/1"}],"replies":[{"embeddable":true,"href":"https:\/\/equadrat.eu\/index.php?rest_route=%2Fwp%2Fv2%2Fcomments&post=219"}],"version-history":[{"count":4,"href":"https:\/\/equadrat.eu\/index.php?rest_route=\/wp\/v2\/pages\/219\/revisions"}],"predecessor-version":[{"id":633,"href":"https:\/\/equadrat.eu\/index.php?rest_route=\/wp\/v2\/pages\/219\/revisions\/633"}],"wp:attachment":[{"href":"https:\/\/equadrat.eu\/index.php?rest_route=%2Fwp%2Fv2%2Fmedia&parent=219"}],"curies":[{"name":"wp","href":"https:\/\/api.w.org\/{rel}","templated":true}]}}