{"id":152,"date":"2021-03-14T22:34:40","date_gmt":"2021-03-14T22:34:40","guid":{"rendered":"http:\/\/equadrat.eu\/?page_id=152"},"modified":"2022-02-01T13:38:12","modified_gmt":"2022-02-01T13:38:12","slug":"nachhaltigkeit","status":"publish","type":"page","link":"https:\/\/equadrat.eu\/?page_id=152","title":{"rendered":"Nachhaltigkeit"},"content":{"rendered":"<div data-colibri-id=\"152-c1\" class=\"style-405 style-local-152-c1 position-relative\">\n  <!---->\n  <div data-colibri-component=\"section\" data-colibri-id=\"152-c2\" id=\"content\" class=\"h-section h-section-global-spacing d-flex align-items-lg-center align-items-md-center align-items-center style-438 style-local-152-c2 position-relative\">\n    <!---->\n    <!---->\n    <div class=\"h-section-grid-container h-section-boxed-container\">\n      <!---->\n      <div data-colibri-id=\"152-c3\" class=\"h-row-container gutters-row-lg-2 gutters-row-md-2 gutters-row-2 gutters-row-v-lg-2 gutters-row-v-md-2 gutters-row-v-2 style-439 style-local-152-c3 position-relative\">\n        <!---->\n        <div class=\"h-row justify-content-lg-center justify-content-md-center justify-content-center align-items-lg-stretch align-items-md-stretch align-items-stretch gutters-col-lg-2 gutters-col-md-2 gutters-col-2 gutters-col-v-lg-2 gutters-col-v-md-2 gutters-col-v-2\">\n          <!---->\n          <div class=\"h-column h-column-container d-flex h-col-lg-4 h-col-md-4 h-col-12 style-440-outer style-local-152-c4-outer\">\n            <div data-colibri-id=\"152-c4\" class=\"d-flex h-flex-basis h-column__inner h-px-lg-0 h-px-md-0 h-px-0 v-inner-lg-0 v-inner-md-0 v-inner-0 style-440 style-local-152-c4 position-relative\">\n              <!---->\n              <!---->\n              <div class=\"w-100 h-y-container h-column__content h-column__v-align flex-basis-100 align-self-lg-start align-self-md-start align-self-start\">\n                <!---->\n                <div data-colibri-id=\"152-c5\" class=\"h-row-container gutters-row-lg-2 gutters-row-md-2 gutters-row-2 gutters-row-v-lg-2 gutters-row-v-md-2 gutters-row-v-2 style-441 style-local-152-c5 position-relative\">\n                  <!---->\n                  <div class=\"h-row justify-content-lg-center justify-content-md-center justify-content-center align-items-lg-stretch align-items-md-stretch align-items-stretch gutters-col-lg-2 gutters-col-md-2 gutters-col-2 gutters-col-v-lg-2 gutters-col-v-md-2 gutters-col-v-2\">\n                    <!---->\n                    <div class=\"h-column h-column-container d-flex h-col-lg-12 h-col-md-12 h-col-12 style-442-outer style-local-152-c6-outer\">\n                      <div data-colibri-id=\"152-c6\" class=\"d-flex h-flex-basis h-column__inner h-ui-empty-state-container h-px-lg-0 h-px-md-0 h-px-0 v-inner-lg-0 v-inner-md-0 v-inner-0 style-442 style-local-152-c6 position-relative\">\n                        <!---->\n                        <!---->\n                        <div class=\"w-100 h-y-container h-column__content h-column__v-align flex-basis-100\">\n                          <!---->\n                        <\/div>\n                      <\/div>\n                    <\/div>\n                    <div class=\"h-column h-column-container d-flex h-col-lg-12 h-col-md-12 h-col-12 style-443-outer style-local-152-c7-outer\">\n                      <div data-colibri-id=\"152-c7\" class=\"d-flex h-flex-basis h-column__inner h-px-lg-0 h-px-md-0 h-px-0 v-inner-lg-0 v-inner-md-0 v-inner-0 style-443 style-local-152-c7 position-relative\">\n                        <!---->\n                        <!---->\n                        <div class=\"w-100 h-y-container h-column__content h-column__v-align flex-basis-100 align-self-lg-start align-self-md-start align-self-start\">\n                          <!---->\n                          <div data-colibri-id=\"152-c8\" class=\"h-global-transition-all h-heading style-444 style-local-152-c8 position-relative h-element\">\n                            <!---->\n                            <div class=\"h-heading__outer style-444 style-local-152-c8\">\n                              <!---->\n                              <!---->\n                              <h5 class=\"\">NACHHALTIGKEIT ist uns wichtig!<\/h5>\n                            <\/div>\n                          <\/div>\n                          <div data-colibri-id=\"152-c9\" class=\"h-text h-text-component style-445 style-local-152-c9 position-relative h-element\">\n                            <!---->\n                            <!---->\n                            <div class=\"\">\n                              <p>Nachhaltiger Umgang mit Ressourcen geht uns alle etwas an. Besonders elektronische Ger\u00e4te und Baugruppen stellen eine Gefahr f\u00fcr die Umwelt dar und k\u00f6nnen bei unsachgem\u00e4\u00dfer Entsorgung schwerwiegende Auswirkungen auf die Umwelt\n                                haben.<\/p>\n                            <\/div>\n                          <\/div>\n                        <\/div>\n                      <\/div>\n                    <\/div>\n                  <\/div>\n                <\/div>\n              <\/div>\n            <\/div>\n          <\/div>\n          <div class=\"h-column h-column-container d-flex h-col-lg-4 h-col-md-4 h-col-12 style-446-outer style-local-152-c10-outer\">\n            <div data-colibri-id=\"152-c10\" class=\"d-flex h-flex-basis h-column__inner h-px-lg-0 h-px-md-0 h-px-0 v-inner-lg-0 v-inner-md-0 v-inner-0 style-446 style-local-152-c10 position-relative\">\n              <!---->\n              <!---->\n              <div class=\"w-100 h-y-container h-column__content h-column__v-align flex-basis-100 align-self-lg-start align-self-md-start align-self-start\">\n                <!---->\n                <div data-colibri-id=\"152-c11\" class=\"h-row-container gutters-row-lg-2 gutters-row-md-2 gutters-row-2 gutters-row-v-lg-2 gutters-row-v-md-2 gutters-row-v-2 style-441 style-local-152-c11 position-relative\">\n                  <!---->\n                  <div class=\"h-row justify-content-lg-center justify-content-md-center justify-content-center align-items-lg-stretch align-items-md-stretch align-items-stretch gutters-col-lg-2 gutters-col-md-2 gutters-col-2 gutters-col-v-lg-2 gutters-col-v-md-2 gutters-col-v-2\">\n                    <!---->\n                    <div class=\"h-column h-column-container d-flex h-col-lg-12 h-col-md-12 h-col-12 style-443-outer style-local-152-c12-outer\">\n                      <div data-colibri-id=\"152-c12\" class=\"d-flex h-flex-basis h-column__inner h-px-lg-0 h-px-md-0 h-px-0 v-inner-lg-0 v-inner-md-0 v-inner-0 style-443 style-local-152-c12 position-relative\">\n                        <!---->\n                        <!---->\n                        <div class=\"w-100 h-y-container h-column__content h-column__v-align flex-basis-100 align-self-lg-start align-self-md-start align-self-start\">\n                          <!---->\n                          <div data-colibri-id=\"152-c13\" class=\"h-global-transition-all h-heading style-444 style-local-152-c13 position-relative h-element\">\n                            <!---->\n                            <div class=\"h-heading__outer style-444 style-local-152-c13\">\n                              <!---->\n                              <!---->\n                              <h5 class=\"\">Wir stellen uns der Rohstoff-Knappheit!<\/h5>\n                            <\/div>\n                          <\/div>\n                          <div data-colibri-id=\"152-c14\" class=\"h-text h-text-component style-445 style-local-152-c14 position-relative h-element\">\n                            <!---->\n                            <!---->\n                            <div class=\"\">\n                              <p>Viele elektronische Bauteile und Baugruppen beinhalten wertvolle Rohstoffe, wie zum Beispiel Gold, Silber, Kupfer oder seltene Erden. <\/p>\n                            <\/div>\n                          <\/div>\n                        <\/div>\n                      <\/div>\n                    <\/div>\n                    <div class=\"h-column h-column-container d-flex h-col-lg-12 h-col-md-12 h-col-12 style-447-outer style-local-152-c15-outer\">\n                      <div data-colibri-id=\"152-c15\" class=\"d-flex h-flex-basis h-column__inner h-ui-empty-state-container h-px-lg-0 h-px-md-0 h-px-0 v-inner-lg-0 v-inner-md-0 v-inner-0 style-447 style-local-152-c15 position-relative\">\n                        <!---->\n                        <!---->\n                        <div class=\"w-100 h-y-container h-column__content h-column__v-align flex-basis-100\">\n                          <!---->\n                        <\/div>\n                      <\/div>\n                    <\/div>\n                  <\/div>\n                <\/div>\n              <\/div>\n            <\/div>\n          <\/div>\n          <div class=\"h-column h-column-container d-flex h-col-lg-4 h-col-md-4 h-col-12 style-448-outer style-local-152-c16-outer\">\n            <div data-colibri-id=\"152-c16\" class=\"d-flex h-flex-basis h-column__inner h-px-lg-0 h-px-md-0 h-px-0 v-inner-lg-0 v-inner-md-0 v-inner-0 style-448 style-local-152-c16 position-relative\">\n              <!---->\n              <!---->\n              <div class=\"w-100 h-y-container h-column__content h-column__v-align flex-basis-100 align-self-lg-start align-self-md-start align-self-start\">\n                <!---->\n                <div data-colibri-id=\"152-c17\" class=\"h-row-container gutters-row-lg-2 gutters-row-md-2 gutters-row-2 gutters-row-v-lg-2 gutters-row-v-md-2 gutters-row-v-2 style-441 style-local-152-c17 position-relative\">\n                  <!---->\n                  <div class=\"h-row justify-content-lg-center justify-content-md-center justify-content-center align-items-lg-stretch align-items-md-stretch align-items-stretch gutters-col-lg-2 gutters-col-md-2 gutters-col-2 gutters-col-v-lg-2 gutters-col-v-md-2 gutters-col-v-2\">\n                    <!---->\n                    <div class=\"h-column h-column-container d-flex h-col-lg-12 h-col-md-12 h-col-12 style-449-outer style-local-152-c18-outer\">\n                      <div data-colibri-id=\"152-c18\" class=\"d-flex h-flex-basis h-column__inner h-ui-empty-state-container h-px-lg-0 h-px-md-0 h-px-0 v-inner-lg-0 v-inner-md-0 v-inner-0 style-449 style-local-152-c18 position-relative\">\n                        <!---->\n                        <!---->\n                        <div class=\"w-100 h-y-container h-column__content h-column__v-align flex-basis-100\">\n                          <!---->\n                        <\/div>\n                      <\/div>\n                    <\/div>\n                    <div class=\"h-column h-column-container d-flex h-col-lg-12 h-col-md-12 h-col-12 style-443-outer style-local-152-c19-outer\">\n                      <div data-colibri-id=\"152-c19\" class=\"d-flex h-flex-basis h-column__inner h-px-lg-0 h-px-md-0 h-px-0 v-inner-lg-0 v-inner-md-0 v-inner-0 style-443 style-local-152-c19 position-relative\">\n                        <!---->\n                        <!---->\n                        <div class=\"w-100 h-y-container h-column__content h-column__v-align flex-basis-100 align-self-lg-start align-self-md-start align-self-start\">\n                          <!---->\n                          <div data-colibri-id=\"152-c20\" class=\"h-global-transition-all h-heading style-444 style-local-152-c20 position-relative h-element\">\n                            <!---->\n                            <div class=\"h-heading__outer style-444 style-local-152-c20\">\n                              <!---->\n                              <!---->\n                              <h5 class=\"\">Wir geben Elektronik eine zweite Chance!<\/h5>\n                            <\/div>\n                          <\/div>\n                          <div data-colibri-id=\"152-c21\" class=\"h-text h-text-component style-445 style-local-152-c21 position-relative h-element\">\n                            <!---->\n                            <!---->\n                            <div class=\"\">\n                              <p>Wir haben uns dazu entschlossen dieses Problem an der Wurzel zu packen und elektronischen Baugruppen ein &#8222;zweites Leben&#8220; zu geben. Soweit m\u00f6glich bereiten wir dazu die Baugruppen wieder auf und bringen diese anschlie\u00dfend\n                                \u201egeneral\u00fcberholt\u201c zur\u00fcck in den Umlauf.<\/p>\n                            <\/div>\n                          <\/div>\n                        <\/div>\n                      <\/div>\n                    <\/div>\n                  <\/div>\n                <\/div>\n              <\/div>\n            <\/div>\n          <\/div>\n        <\/div>\n      <\/div>\n    <\/div>\n  <\/div>\n  <div data-colibri-component=\"section\" data-colibri-id=\"152-c26\" id=\"reusable-sections-2\" class=\"h-section h-section-global-spacing d-flex align-items-lg-center align-items-md-center align-items-center style-631 style-local-152-c26 position-relative\">\n    <!---->\n    <!---->\n    <div class=\"h-section-grid-container h-section-fluid-container\">\n      <!---->\n      <div data-colibri-id=\"152-c27\" class=\"h-row-container gutters-row-lg-2 gutters-row-md-2 gutters-row-0 gutters-row-v-lg-2 gutters-row-v-md-2 gutters-row-v-2 style-632 style-local-152-c27 position-relative\">\n        <!---->\n        <div class=\"h-row justify-content-lg-center justify-content-md-center justify-content-center align-items-lg-stretch align-items-md-stretch align-items-stretch gutters-col-lg-2 gutters-col-md-2 gutters-col-0 gutters-col-v-lg-2 gutters-col-v-md-2 gutters-col-v-2\">\n          <!---->\n          <div class=\"h-column h-column-container d-flex h-col-lg-auto h-col-md-auto h-col-auto style-633-outer style-local-152-c28-outer\">\n            <div data-colibri-id=\"152-c28\" class=\"d-flex h-flex-basis h-column__inner h-ui-empty-state-container h-px-lg-2 h-px-md-2 h-px-2 v-inner-lg-2 v-inner-md-2 v-inner-2 style-633 style-local-152-c28 position-relative\">\n              <!---->\n              <!---->\n              <div class=\"w-100 h-y-container h-column__content h-column__v-align flex-basis-100\">\n                <!---->\n              <\/div>\n            <\/div>\n          <\/div>\n          <div class=\"h-column h-column-container d-flex h-col-lg-auto h-col-md-auto h-col-auto style-634-outer style-local-152-c29-outer\">\n            <div data-colibri-id=\"152-c29\" class=\"d-flex h-flex-basis h-column__inner h-px-lg-0 h-px-md-0 h-px-2 v-inner-lg-0 v-inner-md-0 v-inner-2 style-634 style-local-152-c29 position-relative\">\n              <!---->\n              <!---->\n              <div class=\"w-100 h-y-container h-column__content h-column__v-align flex-basis-100 align-self-lg-start align-self-md-start align-self-start\">\n                <!---->\n                <div data-colibri-id=\"152-c30\" class=\"h-global-transition-all h-heading style-635 style-local-152-c30 position-relative h-element\">\n                  <!---->\n                  <div class=\"h-heading__outer style-635 style-local-152-c30\">\n                    <!---->\n                    <!---->\n                    <h2 class=\"\">Wir geben Elektronik eine 2. Chance!<\/h2>\n                  <\/div>\n                <\/div>\n                <div data-colibri-id=\"152-c31\" class=\"h-text h-text-component style-636 style-local-152-c31 position-relative h-element\">\n                  <!---->\n                  <!---->\n                  <div class=\"\">\n                    <p><span style=\"font-size: 16px; font-family: &quot;Open Sans&quot;; color: rgb(255, 255, 255);\">Sie haben eine Baugruppe bei uns gekauften und m\u00f6chten damit eine in die Jahre gekommene Baugruppe ersetzen? Schicken Sie uns Ihre alte Baugruppe versandkostenfrei zu und Sie bekomm unkomplizierte eine Gutschrift.<\/span><\/p>\n                  <\/div>\n                <\/div>\n                <div data-colibri-id=\"152-c32\" class=\"h-x-container style-637 style-local-152-c32 position-relative h-element\">\n                  <!---->\n                  <div class=\"h-x-container-inner style-dynamic-152-c32-group style-637-spacing style-local-152-c32-spacing\"><span class=\"h-button__outer style-638-outer style-local-152-c33-outer d-inline-flex h-element\"><a h-use-smooth-scroll=\"true\" href=\"\"  data-colibri-id=\"152-c33\" class=\"d-flex w-100 align-items-center h-button justify-content-lg-center justify-content-md-center justify-content-center style-638 style-local-152-c33 position-relative\"><!----><!----> <span>Gutschrift beantragen<\/span><\/a>\n                    <\/span>\n                  <\/div>\n                <\/div>\n              <\/div>\n            <\/div>\n          <\/div>\n          <div class=\"h-column h-column-container d-flex h-col-lg-auto h-col-md-auto h-col-auto style-639-outer style-local-152-c34-outer\">\n            <div data-colibri-id=\"152-c34\" class=\"d-flex h-flex-basis h-column__inner h-ui-empty-state-container h-px-lg-2 h-px-md-2 h-px-2 v-inner-lg-2 v-inner-md-2 v-inner-2 style-639 style-local-152-c34 position-relative\">\n              <!---->\n              <!---->\n              <div class=\"w-100 h-y-container h-column__content h-column__v-align flex-basis-100\">\n                <!---->\n              <\/div>\n            <\/div>\n          <\/div>\n        <\/div>\n      <\/div>\n    <\/div>\n  <\/div>\n<\/div>","protected":false},"excerpt":{"rendered":"<p>NACHHALTIGKEIT ist uns wichtig! Nachhaltiger Umgang mit Ressourcen geht uns alle etwas an. Besonders elektronische Ger\u00e4te und Baugruppen stellen eine Gefahr f\u00fcr die Umwelt dar und k\u00f6nnen bei unsachgem\u00e4\u00dfer Entsorgung schwerwiegende Auswirkungen auf die Umwelt haben. Wir stellen uns der Rohstoff-Knappheit! Viele elektronische Bauteile und Baugruppen beinhalten wertvolle Rohstoffe, wie zum Beispiel Gold, Silber, Kupfer [&hellip;]<\/p>\n","protected":false},"author":1,"featured_media":0,"parent":0,"menu_order":0,"comment_status":"closed","ping_status":"closed","template":"page-templates\/full-width-page.php","meta":{"footnotes":""},"class_list":["post-152","page","type-page","status-publish","hentry"],"_links":{"self":[{"href":"https:\/\/equadrat.eu\/index.php?rest_route=\/wp\/v2\/pages\/152","targetHints":{"allow":["GET"]}}],"collection":[{"href":"https:\/\/equadrat.eu\/index.php?rest_route=\/wp\/v2\/pages"}],"about":[{"href":"https:\/\/equadrat.eu\/index.php?rest_route=\/wp\/v2\/types\/page"}],"author":[{"embeddable":true,"href":"https:\/\/equadrat.eu\/index.php?rest_route=\/wp\/v2\/users\/1"}],"replies":[{"embeddable":true,"href":"https:\/\/equadrat.eu\/index.php?rest_route=%2Fwp%2Fv2%2Fcomments&post=152"}],"version-history":[{"count":20,"href":"https:\/\/equadrat.eu\/index.php?rest_route=\/wp\/v2\/pages\/152\/revisions"}],"predecessor-version":[{"id":1003,"href":"https:\/\/equadrat.eu\/index.php?rest_route=\/wp\/v2\/pages\/152\/revisions\/1003"}],"wp:attachment":[{"href":"https:\/\/equadrat.eu\/index.php?rest_route=%2Fwp%2Fv2%2Fmedia&parent=152"}],"curies":[{"name":"wp","href":"https:\/\/api.w.org\/{rel}","templated":true}]}}