{"id":101,"date":"2021-03-14T21:31:36","date_gmt":"2021-03-14T21:31:36","guid":{"rendered":"http:\/\/equadrat.eu\/?page_id=101"},"modified":"2022-08-16T18:15:08","modified_gmt":"2022-08-16T18:15:08","slug":"impressum","status":"publish","type":"page","link":"https:\/\/equadrat.eu\/?page_id=101","title":{"rendered":"Impressum"},"content":{"rendered":"<div data-colibri-id=\"101-c1\" class=\"style-397 style-local-101-c1 position-relative\">\n  <!---->\n  <div data-colibri-component=\"section\" data-colibri-id=\"101-c2\" id=\"custom\" class=\"h-section h-section-global-spacing d-flex align-items-lg-center align-items-md-center align-items-center style-398 style-local-101-c2 position-relative\">\n    <!---->\n    <!---->\n    <div class=\"h-section-grid-container h-section-boxed-container\">\n      <!---->\n      <div data-colibri-id=\"101-c3\" class=\"h-row-container gutters-row-lg-1 gutters-row-md-1 gutters-row-0 gutters-row-v-lg-1 gutters-row-v-md-1 gutters-row-v-1 style-402 style-local-101-c3 position-relative\">\n        <!---->\n        <div class=\"h-row justify-content-lg-center justify-content-md-center justify-content-center align-items-lg-stretch align-items-md-stretch align-items-stretch gutters-col-lg-1 gutters-col-md-1 gutters-col-0 gutters-col-v-lg-1 gutters-col-v-md-1 gutters-col-v-1\">\n          <!---->\n          <div class=\"h-column h-column-container d-flex h-col-lg-auto h-col-md-auto h-col-auto style-403-outer style-local-101-c4-outer\">\n            <div data-colibri-id=\"101-c4\" class=\"d-flex h-flex-basis h-column__inner h-px-lg-1 h-px-md-1 h-px-1 v-inner-lg-1 v-inner-md-1 v-inner-1 style-403 style-local-101-c4 position-relative\">\n              <!---->\n              <!---->\n              <div class=\"w-100 h-y-container h-column__content h-column__v-align flex-basis-100 align-self-lg-start align-self-md-start align-self-start\">\n                <!---->\n                <div data-colibri-id=\"101-c5\" class=\"h-global-transition-all h-heading style-404 style-local-101-c5 position-relative h-element\">\n                  <!---->\n                  <div class=\"h-heading__outer style-404 style-local-101-c5\">\n                    <!---->\n                    <!---->\n                    <h1 class=\"\">Angaben gem\u00e4\u00df \u00a7 5 TMG<\/h1>\n                  <\/div>\n                <\/div>\n              <\/div>\n            <\/div>\n          <\/div>\n        <\/div>\n      <\/div>\n      <div data-colibri-id=\"101-c6\" class=\"h-row-container gutters-row-lg-2 gutters-row-md-2 gutters-row-0 gutters-row-v-lg-2 gutters-row-v-md-2 gutters-row-v-2 style-399 style-local-101-c6 position-relative\">\n        <!---->\n        <div class=\"h-row justify-content-lg-center justify-content-md-center justify-content-center align-items-lg-stretch align-items-md-stretch align-items-stretch gutters-col-lg-2 gutters-col-md-2 gutters-col-0 gutters-col-v-lg-2 gutters-col-v-md-2 gutters-col-v-2\">\n          <!---->\n          <div class=\"h-column h-column-container d-flex h-col-lg-auto h-col-md-auto h-col-auto style-400-outer style-local-101-c7-outer\">\n            <div data-colibri-id=\"101-c7\" class=\"d-flex h-flex-basis h-column__inner h-px-lg-2 h-px-md-2 h-px-2 v-inner-lg-2 v-inner-md-2 v-inner-2 style-400 style-local-101-c7 position-relative\">\n              <!---->\n              <!---->\n              <div class=\"w-100 h-y-container h-column__content h-column__v-align flex-basis-100 align-self-lg-start align-self-md-start align-self-start\">\n                <!---->\n                <div data-colibri-id=\"101-c8\" class=\"h-text h-text-component style-401 style-local-101-c8 position-relative h-element\">\n                  <!---->\n                  <!---->\n                  <div class=\"\">\n                    <p>Equadrat GmbH\n                      <br>Nu\u00dfmannstr. 4a\n                      <br>79331 Teningen\n                      <br>Deutschland<\/p>\n                    <p>\n                      <u>Kontakt:<\/u>\n                      <br>+49 7641&nbsp;<span style=\"color: rgb(70, 112, 127); font-family: &quot;Open Sans&quot;; font-size: 16px;\">937738<\/span>\n                      <br>info@equadrat.eu\n                      <br>www.<span style=\"color: rgb(70, 112, 127); font-family: &quot;Open Sans&quot;; font-size: 17px;\">equadrat.eu<\/span><\/p>\n                    <p>\n                      <u>Entwicklung\/Gestaltung:<\/u>\n                      <br>Dark Toucan Consulting by Jonas Enderlin (\n                      <a href=\"https:\/\/www.darktoucan.com\" target=\"_blank\" class=\"customize-unpreviewable\" rel=\"noopener\">www.darktoucan.com<\/a>)<\/p>\n                    <p>Registergericht: Freiburg\n                      <br>Registernummer: HRB 261342\n                      <br> Gesch\u00e4ftsf\u00fchrer: Dietmar Enderlin\n                      <br>USt-IdNr.:&nbsp;DE226548797<\/p>\n                    <p>Verantwortlich f\u00fcr den Inhalt gem\u00e4\u00df \u00a7 55 Absatz 2 RStV: Dietmar Enderlin (unter obiger Adresse)<\/p>\n                    <p>Haftungsauschluss: Trotz sorgf\u00e4ltiger Pr\u00fcfung \u00fcbernehmen wir keine Haftung f\u00fcr externe Links. F\u00fcr die Inhalte verlinkter Seiten sind wir nicht verantwortlich.<\/p>\n                    <p>\n                      <br>\n                    <\/p>\n                  <\/div>\n                <\/div>\n              <\/div>\n            <\/div>\n          <\/div>\n        <\/div>\n      <\/div>\n    <\/div>\n  <\/div>\n<\/div>","protected":false},"excerpt":{"rendered":"<p>Angaben gem\u00e4\u00df \u00a7 5 TMG Equadrat GmbH Nu\u00dfmannstr. 4a 79331 Teningen Deutschland Kontakt: +49 7641&nbsp;937738 info@equadrat.eu www.equadrat.eu Entwicklung\/Gestaltung: Dark Toucan Consulting by Jonas Enderlin ( www.darktoucan.com) Registergericht: Freiburg Registernummer: HRB 261342 Gesch\u00e4ftsf\u00fchrer: Dietmar Enderlin USt-IdNr.:&nbsp;DE226548797 Verantwortlich f\u00fcr den Inhalt gem\u00e4\u00df \u00a7 55 Absatz 2 RStV: Dietmar Enderlin (unter obiger Adresse) Haftungsauschluss: Trotz sorgf\u00e4ltiger Pr\u00fcfung \u00fcbernehmen [&hellip;]<\/p>\n","protected":false},"author":1,"featured_media":0,"parent":0,"menu_order":0,"comment_status":"closed","ping_status":"closed","template":"page-templates\/full-width-page.php","meta":{"footnotes":""},"class_list":["post-101","page","type-page","status-publish","hentry"],"_links":{"self":[{"href":"https:\/\/equadrat.eu\/index.php?rest_route=\/wp\/v2\/pages\/101","targetHints":{"allow":["GET"]}}],"collection":[{"href":"https:\/\/equadrat.eu\/index.php?rest_route=\/wp\/v2\/pages"}],"about":[{"href":"https:\/\/equadrat.eu\/index.php?rest_route=\/wp\/v2\/types\/page"}],"author":[{"embeddable":true,"href":"https:\/\/equadrat.eu\/index.php?rest_route=\/wp\/v2\/users\/1"}],"replies":[{"embeddable":true,"href":"https:\/\/equadrat.eu\/index.php?rest_route=%2Fwp%2Fv2%2Fcomments&post=101"}],"version-history":[{"count":12,"href":"https:\/\/equadrat.eu\/index.php?rest_route=\/wp\/v2\/pages\/101\/revisions"}],"predecessor-version":[{"id":1033,"href":"https:\/\/equadrat.eu\/index.php?rest_route=\/wp\/v2\/pages\/101\/revisions\/1033"}],"wp:attachment":[{"href":"https:\/\/equadrat.eu\/index.php?rest_route=%2Fwp%2Fv2%2Fmedia&parent=101"}],"curies":[{"name":"wp","href":"https:\/\/api.w.org\/{rel}","templated":true}]}}